{"id":58,"date":"2016-03-06T18:09:39","date_gmt":"2016-03-06T18:09:39","guid":{"rendered":"http:\/\/itf-nutrition.com\/itf\/?page_id=58"},"modified":"2016-04-19T08:07:56","modified_gmt":"2016-04-19T08:07:56","slug":"calidad","status":"publish","type":"page","link":"https:\/\/itf-nutrition.com\/itf\/calidad\/","title":{"rendered":"Calidad"},"content":{"rendered":"<h3>Seguridad y rigor en la producci\u00f3n<\/h3>\n<p>ITF apuesta decididamente por la <strong>selecci\u00f3n de materias primas de alta calidad<\/strong>, el proceso productivo totalmente automatizado y el sistema de <strong>trazabilidad<\/strong>, que permite realizar un control exhaustivo de los datos en cualquier punto del proceso industrial, desde la recepci\u00f3n de la materia prima hasta la expedici\u00f3n del producto acabado.<\/p>\n<p>Todo ello permite a ITF garantizar en todo momento la <strong>seguridad, homogeneidad y calidad todos sus productos<\/strong>. Aplicamos adem\u00e1s un control redundante en las distintas fases del proceso productivo mediante un sistema de An\u00e1lisis de Peligros y Puntos Cr\u00edticos (APPCC).<\/p>\n<p>Aportamos a nuestros clientes <strong>servicio t\u00e9cnico y consultor\u00eda estrat\u00e9gica<\/strong> como parte integrante de cada producto.<\/p>\n<h3>Aplicamos el mayor grado de exigencia en nuestros sistemas de producci\u00f3n<\/h3>\n<hr \/>\n<div class=\"row\"> <div class=\"col-md-4\">\n<p><img loading=\"lazy\" decoding=\"async\" class=\"alignnone size-medium wp-image-59\" src=\"http:\/\/itf-nutrition.com\/itf\/wp-content\/uploads\/2016\/03\/sgs-iso-22000-300x174.jpg\" alt=\"sgs-iso-22000\" width=\"300\" height=\"174\" srcset=\"https:\/\/itf-nutrition.com\/itf\/wp-content\/uploads\/2016\/03\/sgs-iso-22000-300x174.jpg 300w, https:\/\/itf-nutrition.com\/itf\/wp-content\/uploads\/2016\/03\/sgs-iso-22000.jpg 380w\" sizes=\"(max-width: 300px) 100vw, 300px\" \/><\/p>\n<\/div><div class=\"col-md-8\">\n<h4>Certificaci\u00f3n SGS-ISO 220000<\/h4>\n<p>Garant\u00eda de calidad internacional en seguridad alimentaria estandarizada bajo todos los niveles de homologaci\u00f3n en nuestros procesos productivos, desde el inicio de la cadena productiva hasta la expedici\u00f3n del producto terminado.<\/p>\n<\/div><\/div>\n<div class=\"row\"> <div class=\"col-md-4\">\n<p><img loading=\"lazy\" decoding=\"async\" class=\"alignnone wp-image-180 size-medium\" src=\"http:\/\/itf-nutrition.com\/itf\/wp-content\/uploads\/2016\/03\/iso9001-300x174.jpg\" alt=\"iso9001\" width=\"300\" height=\"174\" srcset=\"https:\/\/itf-nutrition.com\/itf\/wp-content\/uploads\/2016\/03\/iso9001-300x174.jpg 300w, https:\/\/itf-nutrition.com\/itf\/wp-content\/uploads\/2016\/03\/iso9001.jpg 380w\" sizes=\"(max-width: 300px) 100vw, 300px\" \/><\/p>\n<\/div><div class=\"col-md-8\">\n<h4>Certificaci\u00f3n SGS-ISO 9001<\/h4>\n<p>Garant\u00eda en gesti\u00f3n de calidad estandarizada como empresa en un proceso de mejora continuada, asegurando un control exhaustivo y auditado en nuestro proceso industrial.<\/p>\n<\/div><\/div>\n<div class=\"row\"> <div class=\"col-md-4\">\n<p><img loading=\"lazy\" decoding=\"async\" class=\"alignnone wp-image-68 size-medium\" src=\"http:\/\/itf-nutrition.com\/itf\/wp-content\/uploads\/2016\/03\/materias-primas-300x174.jpg\" alt=\"\" width=\"300\" height=\"174\" srcset=\"https:\/\/itf-nutrition.com\/itf\/wp-content\/uploads\/2016\/03\/materias-primas-300x174.jpg 300w, https:\/\/itf-nutrition.com\/itf\/wp-content\/uploads\/2016\/03\/materias-primas.jpg 380w\" sizes=\"(max-width: 300px) 100vw, 300px\" \/><\/p>\n<\/div><div class=\"col-md-8\">\n<h4>An\u00e1lisis y control de materias primas<\/h4>\n<p>Anal\u00edtica <strong>NIRS<\/strong> de entrada en todas las materias primas seleccionadas. Nuestro laboratorio de calidad alimentaria inspecciona y valida todas las materias primas antes su almacenaje.<\/p>\n<\/div><\/div>\n<div class=\"row\"> <div class=\"col-md-4\">\n<p><img loading=\"lazy\" decoding=\"async\" class=\"alignnone size-medium wp-image-75\" src=\"http:\/\/itf-nutrition.com\/itf\/wp-content\/uploads\/2016\/03\/trazabilidad-300x174.jpg\" alt=\"trazabilidad\" width=\"300\" height=\"174\" srcset=\"https:\/\/itf-nutrition.com\/itf\/wp-content\/uploads\/2016\/03\/trazabilidad-300x174.jpg 300w, https:\/\/itf-nutrition.com\/itf\/wp-content\/uploads\/2016\/03\/trazabilidad.jpg 380w\" sizes=\"(max-width: 300px) 100vw, 300px\" \/><\/p>\n<\/div><div class=\"col-md-8\">\n<h4>Trazabilidad estandarizada<\/h4>\n<p>Control riguroso de los datos en cualquier punto del proceso, desde la recepci\u00f3n de las materias primas, formulaci\u00f3n, fabricaci\u00f3n, almacenaje y expedici\u00f3n.<\/p>\n<\/div><\/div>\n<div class=\"row\"> <div class=\"col-md-4\">\n<p><img loading=\"lazy\" decoding=\"async\" class=\"alignnone size-medium wp-image-77\" src=\"http:\/\/itf-nutrition.com\/itf\/wp-content\/uploads\/2016\/03\/tecnologia-300x174.jpg\" alt=\"tecnologia\" width=\"300\" height=\"174\" srcset=\"https:\/\/itf-nutrition.com\/itf\/wp-content\/uploads\/2016\/03\/tecnologia-300x174.jpg 300w, https:\/\/itf-nutrition.com\/itf\/wp-content\/uploads\/2016\/03\/tecnologia.jpg 380w\" sizes=\"(max-width: 300px) 100vw, 300px\" \/><\/p>\n<\/div><div class=\"col-md-8\">\n<h4>Instalaciones de alta tecnolog\u00eda<\/h4>\n<p>Producci\u00f3n sistematizada con microdosificaci\u00f3n autom\u00e1tica que posibilita un control eshaustivo sobre la elaboraci\u00f3n de cada producto, l\u00edneas de fabricaci\u00f3n independientes y control de puntos cr\u00edticos. Ausencia garantizada de contaminaci\u00f3n cruzada<\/p>\n<\/div><\/div>","protected":false},"excerpt":{"rendered":"<p>Seguridad y rigor en la producci\u00f3n ITF apuesta decididamente por la selecci\u00f3n de materias primas de alta calidad, el proceso productivo totalmente automatizado y el sistema de trazabilidad, que permite realizar un control exhaustivo de los datos en cualquier punto &hellip; <a href=\"https:\/\/itf-nutrition.com\/itf\/calidad\/\">Leer m\u00e1s<\/a><\/p>\n","protected":false},"author":1,"featured_media":0,"parent":0,"menu_order":0,"comment_status":"closed","ping_status":"closed","template":"","meta":{"footnotes":""},"acf":[],"_links":{"self":[{"href":"https:\/\/itf-nutrition.com\/itf\/wp-json\/wp\/v2\/pages\/58"}],"collection":[{"href":"https:\/\/itf-nutrition.com\/itf\/wp-json\/wp\/v2\/pages"}],"about":[{"href":"https:\/\/itf-nutrition.com\/itf\/wp-json\/wp\/v2\/types\/page"}],"author":[{"embeddable":true,"href":"https:\/\/itf-nutrition.com\/itf\/wp-json\/wp\/v2\/users\/1"}],"replies":[{"embeddable":true,"href":"https:\/\/itf-nutrition.com\/itf\/wp-json\/wp\/v2\/comments?post=58"}],"version-history":[{"count":26,"href":"https:\/\/itf-nutrition.com\/itf\/wp-json\/wp\/v2\/pages\/58\/revisions"}],"predecessor-version":[{"id":281,"href":"https:\/\/itf-nutrition.com\/itf\/wp-json\/wp\/v2\/pages\/58\/revisions\/281"}],"wp:attachment":[{"href":"https:\/\/itf-nutrition.com\/itf\/wp-json\/wp\/v2\/media?parent=58"}],"curies":[{"name":"wp","href":"https:\/\/api.w.org\/{rel}","templated":true}]}}