{"id":5,"date":"2016-03-05T12:16:32","date_gmt":"2016-03-05T12:16:32","guid":{"rendered":"http:\/\/itf-nutrition.com\/itf\/?page_id=5"},"modified":"2016-04-19T07:27:33","modified_gmt":"2016-04-19T07:27:33","slug":"inicio","status":"publish","type":"page","link":"https:\/\/itf-nutrition.com\/itf\/","title":{"rendered":"Inicio"},"content":{"rendered":"<hr \/>\n<h3 style=\"text-align: center;\">NUTRICI\u00d3N SIN L\u00cdMITES<\/h3>\n<hr \/>\n<p>La dietas dise\u00f1adas por ITF est\u00e1n concebidas para<strong> potenciar la ingesta<\/strong> desde el inicio, <strong>reducir<\/strong> al m\u00ednimo el <strong>estr\u00e9s inmunol\u00f3gico post-destete<\/strong> y complementar el tracto intestinal inmaduro del lech\u00f3n, propiciando la creaci\u00f3n de una microflora favorable que permita <strong>maximizar el potencial de crecimiento<\/strong> inicial y reducir sensiblemente los problemas de salud, as\u00ed como para prevenir la aparici\u00f3n de des\u00f3rdenes digestivos.<\/p>\n<hr \/>\n<h3 style=\"text-align: center;\">OBJETIVOS<\/h3>\n<hr \/>\n<p>Superar el stress post-destete, Incorporaci\u00f3n gradual de los desaf\u00edos nutricionales y adaptaci\u00f3n para trabajar con piensos simples, en base a cereales.","protected":false},"excerpt":{"rendered":"<p>NUTRICI\u00d3N SIN L\u00cdMITES La dietas dise\u00f1adas por ITF est\u00e1n concebidas para potenciar la ingesta desde el inicio, reducir al m\u00ednimo el estr\u00e9s inmunol\u00f3gico post-destete y complementar el tracto intestinal inmaduro del lech\u00f3n, propiciando la creaci\u00f3n de una microflora favorable que &hellip; <a href=\"https:\/\/itf-nutrition.com\/itf\/\">Leer m\u00e1s<\/a><\/p>\n","protected":false},"author":1,"featured_media":0,"parent":0,"menu_order":0,"comment_status":"closed","ping_status":"closed","template":"","meta":{"footnotes":""},"acf":[],"_links":{"self":[{"href":"https:\/\/itf-nutrition.com\/itf\/wp-json\/wp\/v2\/pages\/5"}],"collection":[{"href":"https:\/\/itf-nutrition.com\/itf\/wp-json\/wp\/v2\/pages"}],"about":[{"href":"https:\/\/itf-nutrition.com\/itf\/wp-json\/wp\/v2\/types\/page"}],"author":[{"embeddable":true,"href":"https:\/\/itf-nutrition.com\/itf\/wp-json\/wp\/v2\/users\/1"}],"replies":[{"embeddable":true,"href":"https:\/\/itf-nutrition.com\/itf\/wp-json\/wp\/v2\/comments?post=5"}],"version-history":[{"count":53,"href":"https:\/\/itf-nutrition.com\/itf\/wp-json\/wp\/v2\/pages\/5\/revisions"}],"predecessor-version":[{"id":280,"href":"https:\/\/itf-nutrition.com\/itf\/wp-json\/wp\/v2\/pages\/5\/revisions\/280"}],"wp:attachment":[{"href":"https:\/\/itf-nutrition.com\/itf\/wp-json\/wp\/v2\/media?parent=5"}],"curies":[{"name":"wp","href":"https:\/\/api.w.org\/{rel}","templated":true}]}}