{"id":41,"date":"2016-03-06T12:20:02","date_gmt":"2016-03-06T12:20:02","guid":{"rendered":"http:\/\/itf-nutrition.com\/itf\/?page_id=41"},"modified":"2016-04-19T08:55:00","modified_gmt":"2016-04-19T08:55:00","slug":"sobre-nosotros","status":"publish","type":"page","link":"https:\/\/itf-nutrition.com\/itf\/sobre-nosotros\/","title":{"rendered":"Sobre nosotros"},"content":{"rendered":"<h3>Quienes somos<\/h3>\n<p>Empresa fundada en 2010 con el objetivo de ser una <strong>referencia en el mercado de primeras edades de porcino<\/strong>. Contamos con profesionales con m\u00e1s de 20 a\u00f1os de experiencia en nutrici\u00f3n. Nuestra vocaci\u00f3n es la ser una <strong>empresa global<\/strong> con proyecci\u00f3n internacional.<\/p>\n<h3>Especialistas en lechones<\/h3>\n<p>ITF est\u00e1 especializada en nutrici\u00f3n animal porcina, desarrollando premezclas y piensos espec\u00edficamente dise\u00f1ados para dietas altamente especializadas y programas t\u00e9cnicos de alimentaci\u00f3n aplicados tanto a lechones de primeras edades como a cerdos en fase de crecimiento.<\/p>\n<p>Centramos nuestro esfuerzo en la investigaci\u00f3n, formulaci\u00f3n, dise\u00f1o y fabricaci\u00f3n de productos y programas de alimentaci\u00f3n espec\u00edficos para lechones. <strong>Planta totalmente dedicada a la la producci\u00f3n de alimentos y especialidades destinadas a lechones<\/strong>, tambi\u00e9n en <strong>Ib\u00e9rico<\/strong>.<\/p>\n<p>Somos expertos en la formulaci\u00f3n y <strong>dise\u00f1o de dietas y programas de alimentaci\u00f3n completos<\/strong> para los ciclos productivos iniciales, incidiendo precisamente en estas etapas cruciales en toda explotaci\u00f3n porcina y aportando soluciones para <strong>maximizar el potencial de crecimiento de los lechones<\/strong> en cualquier escenario.<\/p>\n<p>Nuestros expertos en nutrici\u00f3n concretan especificaciones especialmente adpatadas a las diferentes gen\u00e9ticas, particularidades concretas de manejo, tipolog\u00eda de explotaci\u00f3n porcina, etc.<\/p>\n<p><img loading=\"lazy\" decoding=\"async\" class=\"size-full wp-image-225 aligncenter\" src=\"http:\/\/itf-nutrition.com\/itf\/wp-content\/uploads\/2016\/03\/piglets_about.jpg\" alt=\"piglets_about\" width=\"1280\" height=\"720\" srcset=\"https:\/\/itf-nutrition.com\/itf\/wp-content\/uploads\/2016\/03\/piglets_about.jpg 1280w, https:\/\/itf-nutrition.com\/itf\/wp-content\/uploads\/2016\/03\/piglets_about-300x169.jpg 300w, https:\/\/itf-nutrition.com\/itf\/wp-content\/uploads\/2016\/03\/piglets_about-768x432.jpg 768w, https:\/\/itf-nutrition.com\/itf\/wp-content\/uploads\/2016\/03\/piglets_about-1024x576.jpg 1024w\" sizes=\"(max-width: 1280px) 100vw, 1280px\" \/><\/p>\n<h3>Soluciones nutricionales avanzadas<\/h3>\n<p>Proporcionamos a nuestros clientes <strong>premezclas y concentrados<\/strong> con las \u00faltimas innovaciones en nutrici\u00f3n animal porcina y dosificaciones ajustadas a las especificaciones y requerimientos de cada f\u00e1brica, as\u00ed como lactoiniciadores, prestarters, starters, correctores y alternativas naturales a los promotores de crecimiento.<\/p>\n<p>Desarrollamos <strong>programas nutricionales<\/strong> dise\u00f1ados para asegurar la ingesta al destete, favorecer el desarrollo del sistema digestivo y garantizar el <strong>mejor rendimiento<\/strong> posible en los \u00edndices de transformaci\u00f3n para cada explotaci\u00f3n, con un \u00e9nfasis especial en la <strong>optimizaci\u00f3n de los costes de producci\u00f3n<\/strong>.<\/p>\n<blockquote><p><strong>INVERTIR EN EL INICIO PARA MAXIMIZAR EL FUTURO<\/strong><\/p><\/blockquote>\n<p>&nbsp;","protected":false},"excerpt":{"rendered":"<p>Quienes somos Empresa fundada en 2010 con el objetivo de ser una referencia en el mercado de primeras edades de porcino. Contamos con profesionales con m\u00e1s de 20 a\u00f1os de experiencia en nutrici\u00f3n. Nuestra vocaci\u00f3n es la ser una empresa &hellip; <a href=\"https:\/\/itf-nutrition.com\/itf\/sobre-nosotros\/\">Leer m\u00e1s<\/a><\/p>\n","protected":false},"author":1,"featured_media":0,"parent":0,"menu_order":0,"comment_status":"closed","ping_status":"closed","template":"","meta":{"footnotes":""},"acf":[],"_links":{"self":[{"href":"https:\/\/itf-nutrition.com\/itf\/wp-json\/wp\/v2\/pages\/41"}],"collection":[{"href":"https:\/\/itf-nutrition.com\/itf\/wp-json\/wp\/v2\/pages"}],"about":[{"href":"https:\/\/itf-nutrition.com\/itf\/wp-json\/wp\/v2\/types\/page"}],"author":[{"embeddable":true,"href":"https:\/\/itf-nutrition.com\/itf\/wp-json\/wp\/v2\/users\/1"}],"replies":[{"embeddable":true,"href":"https:\/\/itf-nutrition.com\/itf\/wp-json\/wp\/v2\/comments?post=41"}],"version-history":[{"count":19,"href":"https:\/\/itf-nutrition.com\/itf\/wp-json\/wp\/v2\/pages\/41\/revisions"}],"predecessor-version":[{"id":285,"href":"https:\/\/itf-nutrition.com\/itf\/wp-json\/wp\/v2\/pages\/41\/revisions\/285"}],"wp:attachment":[{"href":"https:\/\/itf-nutrition.com\/itf\/wp-json\/wp\/v2\/media?parent=41"}],"curies":[{"name":"wp","href":"https:\/\/api.w.org\/{rel}","templated":true}]}}