{"id":195,"date":"2016-03-08T09:25:46","date_gmt":"2016-03-08T09:25:46","guid":{"rendered":"http:\/\/itf-nutrition.com\/itf\/?page_id=195"},"modified":"2016-04-19T08:40:32","modified_gmt":"2016-04-19T08:40:32","slug":"productos","status":"publish","type":"page","link":"https:\/\/itf-nutrition.com\/itf\/productos\/","title":{"rendered":"Productos"},"content":{"rendered":"<h3>Programas de alimentaci\u00f3n ITF<\/h3>\n<p><strong>ITF dise\u00f1a y produce piensos completos<\/strong> para lechones,<strong> premezclas<\/strong>, <strong>n\u00facleos<\/strong> y tambi\u00e9n otros <strong>complejos nutricionales<\/strong> y <strong>suplementos<\/strong>. Cada uno de los compuestos fabricados nace de un riguroso an\u00e1lisis nutricional adaptado a las diferentes fases de crecimiento, incluyendo especialidades como iniciadores, prestarters, starters, etc.<\/p>\n<p>Ponemos a su disposici\u00f3n para consulta y descarga las fichas t\u00e9cnicas en formato PDF de algunos de nuestros productos.<\/p>\n<hr \/>\n<p>&nbsp;","protected":false},"excerpt":{"rendered":"<p>Programas de alimentaci\u00f3n ITF ITF dise\u00f1a y produce piensos completos para lechones, premezclas, n\u00facleos y tambi\u00e9n otros complejos nutricionales y suplementos. Cada uno de los compuestos fabricados nace de un riguroso an\u00e1lisis nutricional adaptado a las diferentes fases de crecimiento, &hellip; <a href=\"https:\/\/itf-nutrition.com\/itf\/productos\/\">Leer m\u00e1s<\/a><\/p>\n","protected":false},"author":1,"featured_media":0,"parent":0,"menu_order":0,"comment_status":"closed","ping_status":"closed","template":"template-portfolio-grid.php","meta":{"footnotes":""},"acf":[],"_links":{"self":[{"href":"https:\/\/itf-nutrition.com\/itf\/wp-json\/wp\/v2\/pages\/195"}],"collection":[{"href":"https:\/\/itf-nutrition.com\/itf\/wp-json\/wp\/v2\/pages"}],"about":[{"href":"https:\/\/itf-nutrition.com\/itf\/wp-json\/wp\/v2\/types\/page"}],"author":[{"embeddable":true,"href":"https:\/\/itf-nutrition.com\/itf\/wp-json\/wp\/v2\/users\/1"}],"replies":[{"embeddable":true,"href":"https:\/\/itf-nutrition.com\/itf\/wp-json\/wp\/v2\/comments?post=195"}],"version-history":[{"count":7,"href":"https:\/\/itf-nutrition.com\/itf\/wp-json\/wp\/v2\/pages\/195\/revisions"}],"predecessor-version":[{"id":283,"href":"https:\/\/itf-nutrition.com\/itf\/wp-json\/wp\/v2\/pages\/195\/revisions\/283"}],"wp:attachment":[{"href":"https:\/\/itf-nutrition.com\/itf\/wp-json\/wp\/v2\/media?parent=195"}],"curies":[{"name":"wp","href":"https:\/\/api.w.org\/{rel}","templated":true}]}}