{"id":169,"date":"2016-03-07T19:46:08","date_gmt":"2016-03-07T19:46:08","guid":{"rendered":"http:\/\/itf-nutrition.com\/itf\/?page_id=169"},"modified":"2016-04-19T08:20:17","modified_gmt":"2016-04-19T08:20:17","slug":"idi","status":"publish","type":"page","link":"https:\/\/itf-nutrition.com\/itf\/idi\/","title":{"rendered":"I+D+i"},"content":{"rendered":"<h3>Alimentaci\u00f3n de precisi\u00f3n (Programas de I+D+i)<\/h3>\n<p>Uno de los programas de investigaci\u00f3n impulsado recientemente por ITF es el desarrollo de nuevos enfoques a nivel nutricional aplicados en una granja experimental. Esta granja se encuentra situada en la zona de Artesa de Segre (La Noguera).<\/p>\n<ul>\n<li>Dispone de una infraestructura que permite la adecuada aplicaci\u00f3n de novedosos planes de alimentaci\u00f3n.<\/li>\n<li>Tiene una capacidad de 80 plazas semanales. Los lechones se distribuir\u00e1n en 5 animales por corral. De esta manera, se garantiza un espacio suficiente para un manejo \u00f3ptimo de los animales facilitando la toma de muestras y el pesaje.<\/li>\n<li>El m\u00f3dulo dispone de ventilaci\u00f3n natural e iluminaci\u00f3n natural y artificial, fomentando unas condiciones ambientales id\u00f3neas para asegurar un correcto bienestar de los animales, a la vez que se optimiza el crecimiento de \u00e9stos.<\/li>\n<\/ul>\n<p>Se llevaran a cabo diferentes estudios nutricionales con el fin de poder estar en constante renovaci\u00f3n y mejora, aplicando nuevos campos de acci\u00f3n en la fabricaci\u00f3n de nuestros piensos y ser cada vez m\u00e1s competitivos en el mercado actual.<\/p>\n<h3>Nutrici\u00f3n y rentabilidad<\/h3>\n<p>En ITF sabemos que se obtiene resultados en base a diferentes factores que inciden en mayor o menor grado en cada explotaci\u00f3n. Son elementos conocidos, como la propia gen\u00e9tica del lech\u00f3n, el control sanitario, el manejo en granja y, directamente relacionado con este, las propias instalaciones.<\/p>\n<p>Nuestro departamento de investigaci\u00f3n, innovaci\u00f3n y desarrollo persigue neutralizar las diferentes variables que inciden en el proceso productivo, buscando dietas adaptadas a situaciones dispares que aporten realmente soluciones rentables.<\/p>\n<blockquote><p>CADA KG ADICIONAL EN POST-DESTETE SIGNIFICA DE 3 A 5 KG ADICIONALES EN CEBO<\/p><\/blockquote>\n<ul>\n<li>Nuestro <strong>enfoque espec\u00edfico en primeras edades<\/strong> nos permite adaptar la dietas a cada situaci\u00f3n para conseguir la m\u00e1xima eficacia nutricional.<\/li>\n<li>Somos especialistas en esta fase productiva, por eso estamos convencidos de que hay que invertir en el inicio para maximizar el futuro.<\/li>\n<\/ul>","protected":false},"excerpt":{"rendered":"<p>Alimentaci\u00f3n de precisi\u00f3n (Programas de I+D+i) Uno de los programas de investigaci\u00f3n impulsado recientemente por ITF es el desarrollo de nuevos enfoques a nivel nutricional aplicados en una granja experimental. Esta granja se encuentra situada en la zona de Artesa &hellip; <a href=\"https:\/\/itf-nutrition.com\/itf\/idi\/\">Leer m\u00e1s<\/a><\/p>\n","protected":false},"author":1,"featured_media":0,"parent":0,"menu_order":0,"comment_status":"closed","ping_status":"closed","template":"","meta":{"footnotes":""},"acf":[],"_links":{"self":[{"href":"https:\/\/itf-nutrition.com\/itf\/wp-json\/wp\/v2\/pages\/169"}],"collection":[{"href":"https:\/\/itf-nutrition.com\/itf\/wp-json\/wp\/v2\/pages"}],"about":[{"href":"https:\/\/itf-nutrition.com\/itf\/wp-json\/wp\/v2\/types\/page"}],"author":[{"embeddable":true,"href":"https:\/\/itf-nutrition.com\/itf\/wp-json\/wp\/v2\/users\/1"}],"replies":[{"embeddable":true,"href":"https:\/\/itf-nutrition.com\/itf\/wp-json\/wp\/v2\/comments?post=169"}],"version-history":[{"count":6,"href":"https:\/\/itf-nutrition.com\/itf\/wp-json\/wp\/v2\/pages\/169\/revisions"}],"predecessor-version":[{"id":282,"href":"https:\/\/itf-nutrition.com\/itf\/wp-json\/wp\/v2\/pages\/169\/revisions\/282"}],"wp:attachment":[{"href":"https:\/\/itf-nutrition.com\/itf\/wp-json\/wp\/v2\/media?parent=169"}],"curies":[{"name":"wp","href":"https:\/\/api.w.org\/{rel}","templated":true}]}}